{"id":21884,"date":"2021-01-17T13:21:48","date_gmt":"2021-01-17T13:21:48","guid":{"rendered":"https:\/\/archiv.kupferblau.de\/wordpress\/?page_id=21884"},"modified":"2021-04-27T19:20:24","modified_gmt":"2021-04-27T19:20:24","slug":"startseite","status":"publish","type":"page","link":"https:\/\/archiv.kupferblau.de\/","title":{"rendered":"Archiv"},"content":{"rendered":"\n<p><em>Herzlich Willkommen im Archiv der Kupferblau. <\/em><\/p>\n\n\n\n<h2 class=\"wp-block-heading\">Wozu dient dieses Archiv?<\/h2>\n\n\n\n<p>Schon seit \u00fcber 10 Jahren haben wir, das T\u00fcbinger Campusmagazin Kupferblau, einen Online-Auftritt. Dort ver\u00f6ffentlichen wir regelm\u00e4\u00dfig Artikel rund um das T\u00fcbinger Studierendenleben. Als wir im Jahr 2021 unsere alte Website mit einer <a href=\"https:\/\/kupferblau.de\/\">neuen Website<\/a> ersetzt haben, haben wir uns aus technischen Gr\u00fcnden dazu entschlossen, dieses Archiv ins Leben zu rufen. Hier findest du alle Online-Artikel, die bis Ende des Jahres 2019 auf kupferblau.de ver\u00f6ffentlicht wurden. <\/p>\n\n\n\n<h2 class=\"wp-block-heading\">Wie nutze ich das Archiv?<\/h2>\n\n\n\n<p>Du kannst im Archiv nach Stichw\u00f6rtern (z.B. Themen, Artikelnamen, Autor*innen) suchen, um Artikel zu finden. Au\u00dferdem kannst du in der Seitenleiste Monate ausw\u00e4hlen, um dir alle Artikel anzeigen zu lassen, die in dem jeweiligen Monat ver\u00f6ffentlicht wurden. <br><\/p>\n\n\n\n<p><\/p>\n\n\n\n<h2 class=\"wp-block-heading\"><em>Die Kupferblau-Redaktion w\u00fcnscht dir viel Spa\u00df beim Durchst\u00f6bern unseres Archivs!<\/em><\/h2>\n\n\n\n<p><\/p>\n","protected":false},"excerpt":{"rendered":"<p>Herzlich Willkommen im Archiv der Kupferblau. Wozu dient dieses Archiv? Schon seit \u00fcber 10 Jahren haben wir, das T\u00fcbinger Campusmagazin Kupferblau, einen Online-Auftritt. Dort ver\u00f6ffentlichen &hellip; <\/p>\n","protected":false},"author":1,"featured_media":0,"parent":0,"menu_order":0,"comment_status":"closed","ping_status":"closed","template":"","meta":{"footnotes":""},"class_list":["post-21884","page","type-page","status-publish","hentry"],"_links":{"self":[{"href":"https:\/\/archiv.kupferblau.de\/index.php\/wp-json\/wp\/v2\/pages\/21884","targetHints":{"allow":["GET"]}}],"collection":[{"href":"https:\/\/archiv.kupferblau.de\/index.php\/wp-json\/wp\/v2\/pages"}],"about":[{"href":"https:\/\/archiv.kupferblau.de\/index.php\/wp-json\/wp\/v2\/types\/page"}],"author":[{"embeddable":true,"href":"https:\/\/archiv.kupferblau.de\/index.php\/wp-json\/wp\/v2\/users\/1"}],"replies":[{"embeddable":true,"href":"https:\/\/archiv.kupferblau.de\/index.php\/wp-json\/wp\/v2\/comments?post=21884"}],"version-history":[{"count":26,"href":"https:\/\/archiv.kupferblau.de\/index.php\/wp-json\/wp\/v2\/pages\/21884\/revisions"}],"predecessor-version":[{"id":24383,"href":"https:\/\/archiv.kupferblau.de\/index.php\/wp-json\/wp\/v2\/pages\/21884\/revisions\/24383"}],"wp:attachment":[{"href":"https:\/\/archiv.kupferblau.de\/index.php\/wp-json\/wp\/v2\/media?parent=21884"}],"curies":[{"name":"wp","href":"https:\/\/api.w.org\/{rel}","templated":true}]}}